{"id":7475,"date":"2025-09-19T09:20:15","date_gmt":"2025-09-19T13:20:15","guid":{"rendered":"https:\/\/ninegrams.com\/product\/campbell-weathered\/"},"modified":"2026-03-13T19:08:19","modified_gmt":"2026-03-13T23:08:19","slug":"awe","status":"publish","type":"product","link":"https:\/\/ninegrams.com\/en\/product\/awe\/","title":{"rendered":"Awe"},"content":{"rendered":"<article class=\"product-card\">\n<div class=\"product-info\">\n<p><span style=\"font-weight: 400;\">Slim Tyvek wallet\u00a0 <strong>\u25cf\u00a0 <\/strong>Minimalist with high capacity<\/span><\/p>\n<p><span style=\"font-weight: 400;\">Includes cash pocket\u00a0 <strong>\u25cf<\/strong><strong>\u00a0<\/strong> Expands to hold 12 to 14 cards<\/span><\/p>\n<p><span style=\"font-weight: 400;\">Rip-resistant\u00a0 <strong>\u25cf<\/strong><strong>\u00a0\u00a0<\/strong> Durable\u00a0 <strong>\u25cf<\/strong><strong>\u00a0\u00a0<\/strong> Lightweight\u00a0 <strong>\u25cf<\/strong><strong>\u00a0\u00a0<\/strong> Waterproof<\/span><\/p>\n<\/div>\n<\/article>","protected":false},"excerpt":{"rendered":"<p>Campbell clan tartan in Weathered variant, a composition of muted and ash shades of great historical depth<br \/>\nA minimalist tyvek wallet for your unique style<\/p>","protected":false},"featured_media":5722,"comment_status":"closed","ping_status":"closed","template":"","meta":{"_uag_custom_page_level_css":""},"product_brand":[],"product_cat":[208,184,274],"product_tag":[311,571,574,384,568,562,490,491,570,385,569,480,427,428],"class_list":{"0":"post-7475","1":"product","2":"type-product","3":"status-publish","4":"has-post-thumbnail","6":"product_cat-populares","7":"product_cat-tartan","8":"product_cat-green","9":"product_tag-ancestral","10":"product_tag-argyll","11":"product_tag-campbell","12":"product_tag-cuadros","13":"product_tag-escocia","14":"product_tag-glenplaid","15":"product_tag-herencia","16":"product_tag-heritage","17":"product_tag-highlands","18":"product_tag-plaid","19":"product_tag-scotland","20":"product_tag-tartan","21":"product_tag-tradicion","22":"product_tag-tradition","24":"first","25":"instock","26":"featured","27":"taxable","28":"shipping-taxable","29":"purchasable","30":"product-type-simple"},"uagb_featured_image_src":{"full":["https:\/\/ninegrams.com\/wp-content\/uploads\/2025\/09\/sku487-f1.webp",670,670,false],"thumbnail":["https:\/\/ninegrams.com\/wp-content\/uploads\/2025\/09\/sku487-f1-300x300.webp",300,300,true],"medium":["https:\/\/ninegrams.com\/wp-content\/uploads\/2025\/09\/sku487-f1-600x600.webp",600,600,true],"medium_large":["https:\/\/ninegrams.com\/wp-content\/uploads\/2025\/09\/sku487-f1.webp",670,670,false],"large":["https:\/\/ninegrams.com\/wp-content\/uploads\/2025\/09\/sku487-f1.webp",670,670,false],"1536x1536":["https:\/\/ninegrams.com\/wp-content\/uploads\/2025\/09\/sku487-f1.webp",670,670,false],"2048x2048":["https:\/\/ninegrams.com\/wp-content\/uploads\/2025\/09\/sku487-f1.webp",670,670,false],"trp-custom-language-flag":["https:\/\/ninegrams.com\/wp-content\/uploads\/2025\/09\/sku487-f1-12x12.webp",12,12,true],"woocommerce_thumbnail":["https:\/\/ninegrams.com\/wp-content\/uploads\/2025\/09\/sku487-f1-247x296.webp",247,296,true],"woocommerce_single":["https:\/\/ninegrams.com\/wp-content\/uploads\/2025\/09\/sku487-f1-510x510.webp",510,510,true],"woocommerce_gallery_thumbnail":["https:\/\/ninegrams.com\/wp-content\/uploads\/2025\/09\/sku487-f1-100x100.webp",100,100,true]},"uagb_author_info":{"display_name":"Juan el capo","author_link":"https:\/\/ninegrams.com\/en\/author\/"},"uagb_comment_info":0,"uagb_excerpt":"Tart\u00e1n del clan Campbell en variante Weathered, una composici\u00f3n de matices apagados y cenizos de gran profundidad hist\u00f3rica Billetera minimalista de tyvek y con tu estilo \u00fanico","_links":{"self":[{"href":"https:\/\/ninegrams.com\/en\/wp-json\/wp\/v2\/product\/7475","targetHints":{"allow":["GET"]}}],"collection":[{"href":"https:\/\/ninegrams.com\/en\/wp-json\/wp\/v2\/product"}],"about":[{"href":"https:\/\/ninegrams.com\/en\/wp-json\/wp\/v2\/types\/product"}],"replies":[{"embeddable":true,"href":"https:\/\/ninegrams.com\/en\/wp-json\/wp\/v2\/comments?post=7475"}],"wp:featuredmedia":[{"embeddable":true,"href":"https:\/\/ninegrams.com\/en\/wp-json\/wp\/v2\/media\/5722"}],"wp:attachment":[{"href":"https:\/\/ninegrams.com\/en\/wp-json\/wp\/v2\/media?parent=7475"}],"wp:term":[{"taxonomy":"product_brand","embeddable":true,"href":"https:\/\/ninegrams.com\/en\/wp-json\/wp\/v2\/product_brand?post=7475"},{"taxonomy":"product_cat","embeddable":true,"href":"https:\/\/ninegrams.com\/en\/wp-json\/wp\/v2\/product_cat?post=7475"},{"taxonomy":"product_tag","embeddable":true,"href":"https:\/\/ninegrams.com\/en\/wp-json\/wp\/v2\/product_tag?post=7475"}],"curies":[{"name":"wp","href":"https:\/\/api.w.org\/{rel}","templated":true}]}}