{"id":7491,"date":"2025-09-19T09:20:17","date_gmt":"2025-09-19T13:20:17","guid":{"rendered":"https:\/\/ninegrams.com\/product\/suomi-blanka\/"},"modified":"2026-02-23T21:42:40","modified_gmt":"2026-02-24T01:42:40","slug":"kompotti-blanka","status":"publish","type":"product","link":"https:\/\/ninegrams.com\/en\/product\/kompotti-blanka\/","title":{"rendered":"Kompotti Blanka"},"content":{"rendered":"<article class=\"product-card\">\n<div class=\"product-info\">\n<p><span style=\"font-weight: 400;\">Slim Tyvek wallet\u00a0 <strong>\u25cf\u00a0 <\/strong>Minimalist with high capacity<\/span><\/p>\n<p><span style=\"font-weight: 400;\">Includes cash pocket\u00a0 <strong>\u25cf<\/strong><strong>\u00a0<\/strong> Expands to hold 12 to 14 cards<\/span><\/p>\n<p><span style=\"font-weight: 400;\">Rip-resistant\u00a0 <strong>\u25cf<\/strong><strong>\u00a0\u00a0<\/strong> Durable\u00a0 <strong>\u25cf<\/strong><strong>\u00a0\u00a0<\/strong> Lightweight\u00a0 <strong>\u25cf<\/strong><strong>\u00a0\u00a0<\/strong> Waterproof<\/span><\/p>\n<\/div>\n<\/article>","protected":false},"excerpt":{"rendered":"<p>An explosion of color organized in shapes that convey joy and pure energy<br \/>\nA minimalist tyvek wallet for your unique style<\/p>","protected":false},"featured_media":6785,"comment_status":"closed","ping_status":"closed","template":"","meta":{"_uag_custom_page_level_css":""},"product_brand":[],"product_cat":[182,255,208],"product_tag":[559,560,548,547,555,551,553,554,550,549,501,500,561,556,552,558,557],"class_list":{"0":"post-7491","1":"product","2":"type-product","3":"status-publish","4":"has-post-thumbnail","6":"product_cat-jazzmelon","7":"product_cat-ofertas","8":"product_cat-populares","9":"product_tag-alegre","10":"product_tag-cheerful","11":"product_tag-circles","12":"product_tag-circulos","13":"product_tag-colores-primarios","14":"product_tag-escandinavo","15":"product_tag-finlandes","16":"product_tag-finnish","17":"product_tag-nordic","18":"product_tag-nordico","19":"product_tag-organic","20":"product_tag-organico","21":"product_tag-pop","22":"product_tag-primary-colors","23":"product_tag-scandinavian","24":"product_tag-vibrant","25":"product_tag-vibrante","27":"first","28":"instock","29":"sale","30":"featured","31":"taxable","32":"shipping-taxable","33":"purchasable","34":"product-type-simple"},"uagb_featured_image_src":{"full":["https:\/\/ninegrams.com\/wp-content\/uploads\/2025\/09\/sku3002-f1.webp",670,670,false],"thumbnail":["https:\/\/ninegrams.com\/wp-content\/uploads\/2025\/09\/sku3002-f1-300x300.webp",300,300,true],"medium":["https:\/\/ninegrams.com\/wp-content\/uploads\/2025\/09\/sku3002-f1-600x600.webp",600,600,true],"medium_large":["https:\/\/ninegrams.com\/wp-content\/uploads\/2025\/09\/sku3002-f1.webp",670,670,false],"large":["https:\/\/ninegrams.com\/wp-content\/uploads\/2025\/09\/sku3002-f1.webp",670,670,false],"1536x1536":["https:\/\/ninegrams.com\/wp-content\/uploads\/2025\/09\/sku3002-f1.webp",670,670,false],"2048x2048":["https:\/\/ninegrams.com\/wp-content\/uploads\/2025\/09\/sku3002-f1.webp",670,670,false],"trp-custom-language-flag":["https:\/\/ninegrams.com\/wp-content\/uploads\/2025\/09\/sku3002-f1-12x12.webp",12,12,true],"woocommerce_thumbnail":["https:\/\/ninegrams.com\/wp-content\/uploads\/2025\/09\/sku3002-f1-247x296.webp",247,296,true],"woocommerce_single":["https:\/\/ninegrams.com\/wp-content\/uploads\/2025\/09\/sku3002-f1-510x510.webp",510,510,true],"woocommerce_gallery_thumbnail":["https:\/\/ninegrams.com\/wp-content\/uploads\/2025\/09\/sku3002-f1-100x100.webp",100,100,true]},"uagb_author_info":{"display_name":"Juan el capo","author_link":"https:\/\/ninegrams.com\/en\/author\/"},"uagb_comment_info":0,"uagb_excerpt":"Una explosi\u00f3n de color organizada en formas que transmiten alegr\u00eda y energ\u00eda pura Billetera minimalista de tyvek y con tu estilo \u00fanico","_links":{"self":[{"href":"https:\/\/ninegrams.com\/en\/wp-json\/wp\/v2\/product\/7491","targetHints":{"allow":["GET"]}}],"collection":[{"href":"https:\/\/ninegrams.com\/en\/wp-json\/wp\/v2\/product"}],"about":[{"href":"https:\/\/ninegrams.com\/en\/wp-json\/wp\/v2\/types\/product"}],"replies":[{"embeddable":true,"href":"https:\/\/ninegrams.com\/en\/wp-json\/wp\/v2\/comments?post=7491"}],"wp:featuredmedia":[{"embeddable":true,"href":"https:\/\/ninegrams.com\/en\/wp-json\/wp\/v2\/media\/6785"}],"wp:attachment":[{"href":"https:\/\/ninegrams.com\/en\/wp-json\/wp\/v2\/media?parent=7491"}],"wp:term":[{"taxonomy":"product_brand","embeddable":true,"href":"https:\/\/ninegrams.com\/en\/wp-json\/wp\/v2\/product_brand?post=7491"},{"taxonomy":"product_cat","embeddable":true,"href":"https:\/\/ninegrams.com\/en\/wp-json\/wp\/v2\/product_cat?post=7491"},{"taxonomy":"product_tag","embeddable":true,"href":"https:\/\/ninegrams.com\/en\/wp-json\/wp\/v2\/product_tag?post=7491"}],"curies":[{"name":"wp","href":"https:\/\/api.w.org\/{rel}","templated":true}]}}