{"id":7558,"date":"2025-09-19T09:20:30","date_gmt":"2025-09-19T13:20:30","guid":{"rendered":"https:\/\/ninegrams.com\/product\/tomboa\/"},"modified":"2026-03-04T15:39:57","modified_gmt":"2026-03-04T19:39:57","slug":"tomboa","status":"publish","type":"product","link":"https:\/\/ninegrams.com\/en\/product\/tomboa\/","title":{"rendered":"Tomboa"},"content":{"rendered":"<article class=\"product-card\">\n<div class=\"product-info\">\n<p><span style=\"font-weight: 400;\">Slim Tyvek wallet\u00a0 <strong>\u25cf\u00a0 <\/strong>Minimalist with high capacity<\/span><\/p>\n<p><span style=\"font-weight: 400;\">Includes cash pocket\u00a0 <strong>\u25cf<\/strong><strong>\u00a0<\/strong> Expands to hold 12 to 14 cards<\/span><\/p>\n<p><span style=\"font-weight: 400;\">Rip-resistant\u00a0 <strong>\u25cf<\/strong><strong>\u00a0\u00a0<\/strong> Durable\u00a0 <strong>\u25cf<\/strong><strong>\u00a0\u00a0<\/strong> Lightweight\u00a0 <strong>\u25cf<\/strong><strong>\u00a0\u00a0<\/strong> Waterproof<\/span><\/p>\n<\/div>\n<\/article>","protected":false},"excerpt":{"rendered":"<p>Vibrant crimson grid of cells radiating a graphic pulse of pure and modern energy<br \/>\nA minimalist tyvek wallet for your unique style<\/p>","protected":false},"featured_media":6275,"comment_status":"open","ping_status":"closed","template":"","meta":{"_uag_custom_page_level_css":""},"product_brand":[],"product_cat":[209,271,186],"product_tag":[1047,1102,1097,1098,1099,1100,1103,1101],"class_list":{"0":"post-7558","1":"product","2":"type-product","3":"status-publish","4":"has-post-thumbnail","6":"product_cat-novedades","7":"product_cat-red","8":"product_cat-tribal","9":"product_tag-alto-contraste","10":"product_tag-bold-aesthetics","11":"product_tag-crimson-grid","12":"product_tag-diseno-urbano","13":"product_tag-geometric-cells","14":"product_tag-minimalist-wallet","15":"product_tag-patron-celular","16":"product_tag-rojo-y-negro","18":"first","19":"instock","20":"taxable","21":"shipping-taxable","22":"purchasable","23":"product-type-simple"},"uagb_featured_image_src":{"full":["https:\/\/ninegrams.com\/wp-content\/uploads\/2025\/09\/sku1266-f1.webp",670,670,false],"thumbnail":["https:\/\/ninegrams.com\/wp-content\/uploads\/2025\/09\/sku1266-f1-300x300.webp",300,300,true],"medium":["https:\/\/ninegrams.com\/wp-content\/uploads\/2025\/09\/sku1266-f1-600x600.webp",600,600,true],"medium_large":["https:\/\/ninegrams.com\/wp-content\/uploads\/2025\/09\/sku1266-f1.webp",670,670,false],"large":["https:\/\/ninegrams.com\/wp-content\/uploads\/2025\/09\/sku1266-f1.webp",670,670,false],"1536x1536":["https:\/\/ninegrams.com\/wp-content\/uploads\/2025\/09\/sku1266-f1.webp",670,670,false],"2048x2048":["https:\/\/ninegrams.com\/wp-content\/uploads\/2025\/09\/sku1266-f1.webp",670,670,false],"trp-custom-language-flag":["https:\/\/ninegrams.com\/wp-content\/uploads\/2025\/09\/sku1266-f1-12x12.webp",12,12,true],"woocommerce_thumbnail":["https:\/\/ninegrams.com\/wp-content\/uploads\/2025\/09\/sku1266-f1-247x296.webp",247,296,true],"woocommerce_single":["https:\/\/ninegrams.com\/wp-content\/uploads\/2025\/09\/sku1266-f1-510x510.webp",510,510,true],"woocommerce_gallery_thumbnail":["https:\/\/ninegrams.com\/wp-content\/uploads\/2025\/09\/sku1266-f1-100x100.webp",100,100,true]},"uagb_author_info":{"display_name":"Juan el capo","author_link":"https:\/\/ninegrams.com\/en\/author\/"},"uagb_comment_info":0,"uagb_excerpt":"Red vibrante de celdas carmes\u00ed que irradian un pulso gr\u00e1fico de energ\u00eda pura y moderna Billetera minimalista de tyvek y con tu estilo \u00fanico","_links":{"self":[{"href":"https:\/\/ninegrams.com\/en\/wp-json\/wp\/v2\/product\/7558","targetHints":{"allow":["GET"]}}],"collection":[{"href":"https:\/\/ninegrams.com\/en\/wp-json\/wp\/v2\/product"}],"about":[{"href":"https:\/\/ninegrams.com\/en\/wp-json\/wp\/v2\/types\/product"}],"replies":[{"embeddable":true,"href":"https:\/\/ninegrams.com\/en\/wp-json\/wp\/v2\/comments?post=7558"}],"wp:featuredmedia":[{"embeddable":true,"href":"https:\/\/ninegrams.com\/en\/wp-json\/wp\/v2\/media\/6275"}],"wp:attachment":[{"href":"https:\/\/ninegrams.com\/en\/wp-json\/wp\/v2\/media?parent=7558"}],"wp:term":[{"taxonomy":"product_brand","embeddable":true,"href":"https:\/\/ninegrams.com\/en\/wp-json\/wp\/v2\/product_brand?post=7558"},{"taxonomy":"product_cat","embeddable":true,"href":"https:\/\/ninegrams.com\/en\/wp-json\/wp\/v2\/product_cat?post=7558"},{"taxonomy":"product_tag","embeddable":true,"href":"https:\/\/ninegrams.com\/en\/wp-json\/wp\/v2\/product_tag?post=7558"}],"curies":[{"name":"wp","href":"https:\/\/api.w.org\/{rel}","templated":true}]}}