{"id":7559,"date":"2025-09-19T09:20:30","date_gmt":"2025-09-19T13:20:30","guid":{"rendered":"https:\/\/ninegrams.com\/product\/ganda\/"},"modified":"2026-03-14T15:08:55","modified_gmt":"2026-03-14T19:08:55","slug":"ganda","status":"publish","type":"product","link":"https:\/\/ninegrams.com\/en\/product\/ganda\/","title":{"rendered":"Ganda"},"content":{"rendered":"<article class=\"product-card\">\n<div class=\"product-info\">\n<p><span style=\"font-weight: 400;\">Slim Tyvek wallet\u00a0 <strong>\u25cf\u00a0 <\/strong>Minimalist with high capacity<\/span><\/p>\n<p><span style=\"font-weight: 400;\">Includes cash pocket\u00a0 <strong>\u25cf<\/strong><strong>\u00a0<\/strong> Expands to hold 12 to 14 cards<\/span><\/p>\n<p><span style=\"font-weight: 400;\">Rip-resistant\u00a0 <strong>\u25cf<\/strong><strong>\u00a0\u00a0<\/strong> Durable\u00a0 <strong>\u25cf<\/strong><strong>\u00a0\u00a0<\/strong> Lightweight\u00a0 <strong>\u25cf<\/strong><strong>\u00a0\u00a0<\/strong> Waterproof<\/span><\/p>\n<\/div>\n<\/article>","protected":false},"excerpt":{"rendered":"<p>Ankara print in beige and blue: graphic joy with a vibrant cultural identity<br \/>\nA minimalist tyvek wallet for your unique style<\/p>","protected":false},"featured_media":6266,"comment_status":"open","ping_status":"closed","template":"","meta":{"_uag_custom_page_level_css":""},"product_brand":[],"product_cat":[272,186],"product_tag":[344,343,1075,486,355,487,1076,327,326,845,844,1078,1079,1077,455,454,310],"class_list":{"0":"post-7559","1":"product","2":"type-product","3":"status-publish","4":"has-post-thumbnail","6":"product_cat-blue","7":"product_cat-tribal","8":"product_tag-african","9":"product_tag-africano","10":"product_tag-ankara","11":"product_tag-azul","12":"product_tag-beige","13":"product_tag-blue","14":"product_tag-estampado","15":"product_tag-ethnic","16":"product_tag-etnico","17":"product_tag-festive","18":"product_tag-festivo","19":"product_tag-formas-organicas","20":"product_tag-organic-shapes","21":"product_tag-print","22":"product_tag-red","23":"product_tag-rojo","24":"product_tag-tribal","26":"first","27":"instock","28":"taxable","29":"shipping-taxable","30":"purchasable","31":"product-type-simple"},"uagb_featured_image_src":{"full":["https:\/\/ninegrams.com\/wp-content\/uploads\/2025\/09\/sku1263-f1.webp",670,670,false],"thumbnail":["https:\/\/ninegrams.com\/wp-content\/uploads\/2025\/09\/sku1263-f1-300x300.webp",300,300,true],"medium":["https:\/\/ninegrams.com\/wp-content\/uploads\/2025\/09\/sku1263-f1-600x600.webp",600,600,true],"medium_large":["https:\/\/ninegrams.com\/wp-content\/uploads\/2025\/09\/sku1263-f1.webp",670,670,false],"large":["https:\/\/ninegrams.com\/wp-content\/uploads\/2025\/09\/sku1263-f1.webp",670,670,false],"1536x1536":["https:\/\/ninegrams.com\/wp-content\/uploads\/2025\/09\/sku1263-f1.webp",670,670,false],"2048x2048":["https:\/\/ninegrams.com\/wp-content\/uploads\/2025\/09\/sku1263-f1.webp",670,670,false],"trp-custom-language-flag":["https:\/\/ninegrams.com\/wp-content\/uploads\/2025\/09\/sku1263-f1-12x12.webp",12,12,true],"woocommerce_thumbnail":["https:\/\/ninegrams.com\/wp-content\/uploads\/2025\/09\/sku1263-f1-247x296.webp",247,296,true],"woocommerce_single":["https:\/\/ninegrams.com\/wp-content\/uploads\/2025\/09\/sku1263-f1-510x510.webp",510,510,true],"woocommerce_gallery_thumbnail":["https:\/\/ninegrams.com\/wp-content\/uploads\/2025\/09\/sku1263-f1-100x100.webp",100,100,true]},"uagb_author_info":{"display_name":"Juan el capo","author_link":"https:\/\/ninegrams.com\/en\/author\/"},"uagb_comment_info":0,"uagb_excerpt":"Estampado Ankara en beige y azul: alegr\u00eda gr\u00e1fica con identidad cultural vibrante Billetera minimalista de tyvek y con tu estilo \u00fanico","_links":{"self":[{"href":"https:\/\/ninegrams.com\/en\/wp-json\/wp\/v2\/product\/7559","targetHints":{"allow":["GET"]}}],"collection":[{"href":"https:\/\/ninegrams.com\/en\/wp-json\/wp\/v2\/product"}],"about":[{"href":"https:\/\/ninegrams.com\/en\/wp-json\/wp\/v2\/types\/product"}],"replies":[{"embeddable":true,"href":"https:\/\/ninegrams.com\/en\/wp-json\/wp\/v2\/comments?post=7559"}],"wp:featuredmedia":[{"embeddable":true,"href":"https:\/\/ninegrams.com\/en\/wp-json\/wp\/v2\/media\/6266"}],"wp:attachment":[{"href":"https:\/\/ninegrams.com\/en\/wp-json\/wp\/v2\/media?parent=7559"}],"wp:term":[{"taxonomy":"product_brand","embeddable":true,"href":"https:\/\/ninegrams.com\/en\/wp-json\/wp\/v2\/product_brand?post=7559"},{"taxonomy":"product_cat","embeddable":true,"href":"https:\/\/ninegrams.com\/en\/wp-json\/wp\/v2\/product_cat?post=7559"},{"taxonomy":"product_tag","embeddable":true,"href":"https:\/\/ninegrams.com\/en\/wp-json\/wp\/v2\/product_tag?post=7559"}],"curies":[{"name":"wp","href":"https:\/\/api.w.org\/{rel}","templated":true}]}}