{"id":7697,"date":"2025-09-19T09:21:00","date_gmt":"2025-09-19T13:21:00","guid":{"rendered":"https:\/\/ninegrams.com\/product\/cali\/"},"modified":"2026-03-04T15:40:04","modified_gmt":"2026-03-04T19:40:04","slug":"cali","status":"publish","type":"product","link":"https:\/\/ninegrams.com\/en\/product\/cali\/","title":{"rendered":"Cali"},"content":{"rendered":"<article class=\"product-card\">\n<div class=\"product-info\">\n<p><span style=\"font-weight: 400;\">Slim Tyvek wallet\u00a0 <strong>\u25cf\u00a0 <\/strong>Minimalist with high capacity<\/span><\/p>\n<p><span style=\"font-weight: 400;\">Includes cash pocket\u00a0 <strong>\u25cf<\/strong><strong>\u00a0<\/strong> Expands to hold 12 to 14 cards<\/span><\/p>\n<p><span style=\"font-weight: 400;\">Rip-resistant\u00a0 <strong>\u25cf<\/strong><strong>\u00a0\u00a0<\/strong> Durable\u00a0 <strong>\u25cf<\/strong><strong>\u00a0\u00a0<\/strong> Lightweight\u00a0 <strong>\u25cf<\/strong><strong>\u00a0\u00a0<\/strong> Waterproof<\/span><\/p>\n<\/div>\n<\/article>","protected":false},"excerpt":{"rendered":"<p>Vertical stripe pattern in sand and charcoal tones<br \/>\nA minimalist tyvek wallet for your unique style<\/p>","protected":false},"featured_media":6443,"comment_status":"open","ping_status":"closed","template":"","meta":{"_uag_custom_page_level_css":""},"product_brand":[],"product_cat":[181],"product_tag":[821,489,789,1152,495,1169],"class_list":{"0":"post-7697","1":"product","2":"type-product","3":"status-publish","4":"has-post-thumbnail","6":"product_cat-fabrics","7":"product_tag-minimalista","8":"product_tag-modern","9":"product_tag-neutral","10":"product_tag-rayas","11":"product_tag-stripes","12":"product_tag-vertical","14":"first","15":"instock","16":"taxable","17":"shipping-taxable","18":"purchasable","19":"product-type-simple"},"uagb_featured_image_src":{"full":["https:\/\/ninegrams.com\/wp-content\/uploads\/2025\/09\/sku1936-f1.webp",670,670,false],"thumbnail":["https:\/\/ninegrams.com\/wp-content\/uploads\/2025\/09\/sku1936-f1-300x300.webp",300,300,true],"medium":["https:\/\/ninegrams.com\/wp-content\/uploads\/2025\/09\/sku1936-f1-600x600.webp",600,600,true],"medium_large":["https:\/\/ninegrams.com\/wp-content\/uploads\/2025\/09\/sku1936-f1.webp",670,670,false],"large":["https:\/\/ninegrams.com\/wp-content\/uploads\/2025\/09\/sku1936-f1.webp",670,670,false],"1536x1536":["https:\/\/ninegrams.com\/wp-content\/uploads\/2025\/09\/sku1936-f1.webp",670,670,false],"2048x2048":["https:\/\/ninegrams.com\/wp-content\/uploads\/2025\/09\/sku1936-f1.webp",670,670,false],"trp-custom-language-flag":["https:\/\/ninegrams.com\/wp-content\/uploads\/2025\/09\/sku1936-f1-12x12.webp",12,12,true],"woocommerce_thumbnail":["https:\/\/ninegrams.com\/wp-content\/uploads\/2025\/09\/sku1936-f1-247x296.webp",247,296,true],"woocommerce_single":["https:\/\/ninegrams.com\/wp-content\/uploads\/2025\/09\/sku1936-f1-510x510.webp",510,510,true],"woocommerce_gallery_thumbnail":["https:\/\/ninegrams.com\/wp-content\/uploads\/2025\/09\/sku1936-f1-100x100.webp",100,100,true]},"uagb_author_info":{"display_name":"Juan el capo","author_link":"https:\/\/ninegrams.com\/en\/author\/"},"uagb_comment_info":0,"uagb_excerpt":"Patr\u00f3n de rayas verticales en tonos arena y carb\u00f3n Billetera minimalista de tyvek y con tu estilo \u00fanico","_links":{"self":[{"href":"https:\/\/ninegrams.com\/en\/wp-json\/wp\/v2\/product\/7697","targetHints":{"allow":["GET"]}}],"collection":[{"href":"https:\/\/ninegrams.com\/en\/wp-json\/wp\/v2\/product"}],"about":[{"href":"https:\/\/ninegrams.com\/en\/wp-json\/wp\/v2\/types\/product"}],"replies":[{"embeddable":true,"href":"https:\/\/ninegrams.com\/en\/wp-json\/wp\/v2\/comments?post=7697"}],"wp:featuredmedia":[{"embeddable":true,"href":"https:\/\/ninegrams.com\/en\/wp-json\/wp\/v2\/media\/6443"}],"wp:attachment":[{"href":"https:\/\/ninegrams.com\/en\/wp-json\/wp\/v2\/media?parent=7697"}],"wp:term":[{"taxonomy":"product_brand","embeddable":true,"href":"https:\/\/ninegrams.com\/en\/wp-json\/wp\/v2\/product_brand?post=7697"},{"taxonomy":"product_cat","embeddable":true,"href":"https:\/\/ninegrams.com\/en\/wp-json\/wp\/v2\/product_cat?post=7697"},{"taxonomy":"product_tag","embeddable":true,"href":"https:\/\/ninegrams.com\/en\/wp-json\/wp\/v2\/product_tag?post=7697"}],"curies":[{"name":"wp","href":"https:\/\/api.w.org\/{rel}","templated":true}]}}