{"id":4011,"date":"2025-08-22T11:31:28","date_gmt":"2025-08-22T15:31:28","guid":{"rendered":"https:\/\/ninegrams.com\/10-consejos-2\/"},"modified":"2026-03-14T17:23:01","modified_gmt":"2026-03-14T21:23:01","slug":"tips","status":"publish","type":"page","link":"https:\/\/ninegrams.com\/es\/tips\/","title":{"rendered":"10 Tips"},"content":{"rendered":"\r\n\n\t<section class=\"section\" id=\"section_1797824722\">\n\t\t<div class=\"section-bg fill\" >\n\t\t\t\t\t\t\t\t\t\n\t\t\t\n\n\t\t<\/div>\n\n\t\t\n\n\t\t<div class=\"section-content relative\">\n\t\t\t\r\n\r\n\t<div class=\"img has-hover hide-for-medium x md-x lg-x y md-y lg-y\" id=\"image_462885743\">\n\t\t\t\t\t\t\t\t<div class=\"img-inner dark\" >\n\t\t\t<img loading=\"lazy\" decoding=\"async\" width=\"768\" height=\"261\" src=\"https:\/\/ninegrams.com\/wp-content\/uploads\/2025\/08\/10-consejos-HORIZ-1-768x261.webp\" class=\"attachment-medium_large size-medium_large\" alt=\"\" srcset=\"https:\/\/ninegrams.com\/wp-content\/uploads\/2025\/08\/10-consejos-HORIZ-1-768x261.webp 768w, https:\/\/ninegrams.com\/wp-content\/uploads\/2025\/08\/10-consejos-HORIZ-1-18x6.webp 18w, https:\/\/ninegrams.com\/wp-content\/uploads\/2025\/08\/10-consejos-HORIZ-1-600x204.webp 600w, https:\/\/ninegrams.com\/wp-content\/uploads\/2025\/08\/10-consejos-HORIZ-1-1200x408.webp 1200w, https:\/\/ninegrams.com\/wp-content\/uploads\/2025\/08\/10-consejos-HORIZ-1-1536x522.webp 1536w, https:\/\/ninegrams.com\/wp-content\/uploads\/2025\/08\/10-consejos-HORIZ-1-510x173.webp 510w, https:\/\/ninegrams.com\/wp-content\/uploads\/2025\/08\/10-consejos-HORIZ-1.webp 1920w\" sizes=\"auto, (max-width: 768px) 100vw, 768px\" \/>\t\t\t\t\t\t\n\t\t\t\t\t<\/div>\n\t\t\t\t\t\t\t\t\n<style>\n#image_462885743 {\n  width: 100%;\n}\n<\/style>\n\t<\/div>\n\t\r\n\r\n\r\n\t\t<\/div>\n\n\t\t\n<style>\n#section_1797824722 {\n  padding-top: 0px;\n  padding-bottom: 0px;\n  background-color: rgb(229, 226, 202);\n}\n<\/style>\n\t<\/section>\n\t\r\n\n\t<section class=\"section show-for-medium\" id=\"section_486502903\">\n\t\t<div class=\"section-bg fill\" >\n\t\t\t\t\t\t\t\t\t\n\t\t\t\n\n\t\t<\/div>\n\n\t\t\n\n\t\t<div class=\"section-content relative\">\n\t\t\t\r\n\r\n\t<div class=\"img has-hover show-for-medium x md-x lg-x y md-y lg-y\" id=\"image_1283874226\">\n\t\t\t\t\t\t\t\t<div class=\"img-inner dark\" >\n\t\t\t<img loading=\"lazy\" decoding=\"async\" width=\"703\" height=\"462\" src=\"https:\/\/ninegrams.com\/wp-content\/uploads\/2025\/08\/10-consejos-verti.webp\" class=\"attachment-large size-large\" alt=\"\" srcset=\"https:\/\/ninegrams.com\/wp-content\/uploads\/2025\/08\/10-consejos-verti.webp 703w, https:\/\/ninegrams.com\/wp-content\/uploads\/2025\/08\/10-consejos-verti-18x12.webp 18w, https:\/\/ninegrams.com\/wp-content\/uploads\/2025\/08\/10-consejos-verti-600x394.webp 600w, https:\/\/ninegrams.com\/wp-content\/uploads\/2025\/08\/10-consejos-verti-510x335.webp 510w\" sizes=\"auto, (max-width: 703px) 100vw, 703px\" \/>\t\t\t\t\t\t\n\t\t\t\t\t<\/div>\n\t\t\t\t\t\t\t\t\n<style>\n#image_1283874226 {\n  width: 100%;\n}\n<\/style>\n\t<\/div>\n\t\r\n\r\n\r\n\t\t<\/div>\n\n\t\t\n<style>\n#section_486502903 {\n  padding-top: 0px;\n  padding-bottom: 0px;\n  background-color: rgb(229, 226, 202);\n}\n@media (min-width:850px) {\n  #section_486502903 {\n    padding-top: 0px;\n    padding-bottom: 0px;\n  }\n}\n<\/style>\n\t<\/section>\n\t\r\n\n\t<section class=\"section\" id=\"section_2000500565\">\n\t\t<div class=\"section-bg fill\" >\n\t\t\t\t\t\t\t\t\t\n\t\t\t\n\n\t\t<\/div>\n\n\t\t\n\n\t\t<div class=\"section-content relative\">\n\t\t\t\r\n\r\n\t<div id=\"gap-498926450\" class=\"gap-element clearfix\" style=\"display:block; height:auto;\">\n\t\t\n<style>\n#gap-498926450 {\n  padding-top: 90px;\n}\n<\/style>\n\t<\/div>\n\t\r\n\r\n<div class=\"row row-small row-full-width\"  id=\"row-1241282039\">\r\n\r\n\n\t<div id=\"col-429982222\" class=\"col small-12 large-12\"  >\n\t\t\t\t<div class=\"col-inner\"  >\n\t\t\t\n\t\t\t\r\n\r\n\t<div id=\"text-3862952647\" class=\"text\">\n\t\t\r\n\r\n<h3>C\u00f3mo dejar de cargar una billetera gorda e inc\u00f3moda<\/h3>\r\n<p>\u00bfTu billetera parece un ladrillo que apenas cierra? No solo se ve mal. Deforma tu ropa, es inc\u00f3moda y hasta puede da\u00f1ar tu postura. La buena noticia es que no necesitas cargar con media casa en el bolsillo. Con estos consejos vas a lograr una billetera m\u00e1s delgada, pr\u00e1ctica y con estilo:<\/p>\r\n<p><strong>1) C\u00e1mbiala por una m\u00e1s peque\u00f1a<\/strong><br \/>El primer paso es el m\u00e1s simple: consigue una billetera minimalista. Eso te obligar\u00e1 a llevar solo lo esencial y dejar atr\u00e1s todo lo innecesario.<\/p>\r\n<p><strong>2) Saca la basura<\/strong><br \/>Recibos viejos, boletos usados, papeles arrugados\u2026 todo fuera. La billetera no es un basurero.<\/p>\r\n<p><strong>3) Fotos digitales, no en papel<\/strong><br \/>Tus seres queridos merecen un lugar mejor que un pl\u00e1stico gastado en tu billetera. Guarda esas fotos en tu celular y libera espacio.<\/p>\r\n<p><strong>4) Tu billetera no es un archivador<\/strong><br \/>Ideas, recordatorios o n\u00fameros de tel\u00e9fono van directo a tu celular, no a tu bolsillo. Y los condones, mejor en otro lugar.<\/p>\r\n<p><strong>5) Rev\u00edsala seguido<\/strong><br \/>Haz el h\u00e1bito: al final del d\u00eda saca lo que no usaste. Tu billetera es como una bandeja de entrada: no debe acumular cosas.<\/p>\r\n<p><strong>6) Evita cargar efectivo<\/strong><br \/>Lleva solo lo m\u00ednimo. Con las tarjetas controlas mejor tus gastos y reduces riesgos.<\/p>\r\n<p><strong>7) M\u00e1ximo 2 tarjetas bancarias<\/strong><br \/>Qu\u00e9date con una de cr\u00e9dito y una de d\u00e9bito. El resto, c\u00f3rtalas y simplifica tu vida financiera.<\/p>\r\n<p><strong>8) Organiza tus tarjetas de fidelizaci\u00f3n<\/strong><br \/>Hazles un agujero y ponlas en un llavero o mosquet\u00f3n. T\u00f3malas solo cuando realmente las necesites.<\/p>\r\n<p><strong>9) Solo lo indispensable en documentos<\/strong><br \/>Un ID, pocas tarjetas de presentaci\u00f3n. Nada m\u00e1s.<\/p>\r\n<p><strong>10) Chau monedas<\/strong><br \/>Deja las monedas en casa o en el auto. Ocupan espacio y pesan de m\u00e1s.<\/p>\r\n<p>\ud83d\udc49 Al final, una billetera ligera no es solo comodidad: es tambi\u00e9n estilo. Minimalismo en tu bolsillo, menos peso en tu vida.<\/p>\r\n\t\t\n<style>\n#text-3862952647 {\n  font-size: 1.2rem;\n  line-height: 1.65;\n  text-align: left;\n  color: rgb(229, 226, 202);\n}\n#text-3862952647 > * {\n  color: rgb(229, 226, 202);\n}\n@media (min-width:550px) {\n  #text-3862952647 {\n    font-size: 1.2rem;\n    line-height: 1.8;\n  }\n}\n@media (min-width:850px) {\n  #text-3862952647 {\n    font-size: 1.2rem;\n    line-height: 1.9;\n  }\n}\n<\/style>\n\t<\/div>\n\t\r\n\r\n\t\t<\/div>\n\t\t\t\t\n<style>\n#col-429982222 > .col-inner {\n  padding: 0px 20px 0px 20px;\n}\n@media (min-width:550px) {\n  #col-429982222 > .col-inner {\n    padding: 0px 55px 0px 55px;\n  }\n}\n@media (min-width:850px) {\n  #col-429982222 > .col-inner {\n    padding: 0px 200px 0px 200px;\n  }\n}\n<\/style>\n\t<\/div>\n\n\t\r\n\r\n\n<style>\n#row-1241282039 > .col > .col-inner {\n  background-color: rgb(71, 44, 51);\n}\n<\/style>\n<\/div>\r\n<div class=\"is-divider divider clearfix\" style=\"max-width:1920px;height:1px;\"><\/div>\r\n\r\n\r\n\t\t<\/div>\n\n\t\t\n<style>\n#section_2000500565 {\n  padding-top: 44px;\n  padding-bottom: 44px;\n  background-color: rgb(71, 44, 51);\n}\n@media (min-width:550px) {\n  #section_2000500565 {\n    padding-top: 0px;\n    padding-bottom: 0px;\n  }\n}\n<\/style>\n\t<\/section>\n\t\r\n\r\n","protected":false},"excerpt":{"rendered":"","protected":false},"author":1,"featured_media":0,"parent":0,"menu_order":0,"comment_status":"closed","ping_status":"closed","template":"page-blank.php","meta":{"_uag_custom_page_level_css":"","footnotes":""},"class_list":["post-4011","page","type-page","status-publish","hentry"],"uagb_featured_image_src":{"full":false,"thumbnail":false,"medium":false,"medium_large":false,"large":false,"1536x1536":false,"2048x2048":false,"trp-custom-language-flag":false,"woocommerce_thumbnail":false,"woocommerce_single":false,"woocommerce_gallery_thumbnail":false},"uagb_author_info":{"display_name":"Juan el capo","author_link":"https:\/\/ninegrams.com\/es\/author\/juancruzetchegmail-com\/"},"uagb_comment_info":0,"uagb_excerpt":null,"_links":{"self":[{"href":"https:\/\/ninegrams.com\/es\/wp-json\/wp\/v2\/pages\/4011","targetHints":{"allow":["GET"]}}],"collection":[{"href":"https:\/\/ninegrams.com\/es\/wp-json\/wp\/v2\/pages"}],"about":[{"href":"https:\/\/ninegrams.com\/es\/wp-json\/wp\/v2\/types\/page"}],"author":[{"embeddable":true,"href":"https:\/\/ninegrams.com\/es\/wp-json\/wp\/v2\/users\/1"}],"replies":[{"embeddable":true,"href":"https:\/\/ninegrams.com\/es\/wp-json\/wp\/v2\/comments?post=4011"}],"version-history":[{"count":4,"href":"https:\/\/ninegrams.com\/es\/wp-json\/wp\/v2\/pages\/4011\/revisions"}],"predecessor-version":[{"id":8418,"href":"https:\/\/ninegrams.com\/es\/wp-json\/wp\/v2\/pages\/4011\/revisions\/8418"}],"wp:attachment":[{"href":"https:\/\/ninegrams.com\/es\/wp-json\/wp\/v2\/media?parent=4011"}],"curies":[{"name":"wp","href":"https:\/\/api.w.org\/{rel}","templated":true}]}}