{"id":7467,"date":"2025-09-19T09:20:08","date_gmt":"2025-09-19T13:20:08","guid":{"rendered":"https:\/\/ninegrams.com\/product\/glen-plaid-du\/"},"modified":"2026-03-06T15:45:56","modified_gmt":"2026-03-06T19:45:56","slug":"prince-of-wales","status":"publish","type":"product","link":"https:\/\/ninegrams.com\/es\/product\/prince-of-wales\/","title":{"rendered":"Prince of Wales"},"content":{"rendered":"<article class=\"product-card\">\n<div class=\"product-info\">\n<p><span style=\"font-weight: 400;\">Billetera delgada hecha de Tyvek\u00a0 <strong>\u25cf\u00a0 <\/strong>Minimalista con gran capacidad<\/span><\/p>\n<p><span style=\"font-weight: 400;\">Incluye bolsillo para billetes\u00a0 <strong>\u25cf<\/strong><strong>\u00a0<\/strong> Expansible para contener 12 a 14 tarjetas<\/span><\/p>\n<p><span style=\"font-weight: 400;\">Resistente\u00a0 <strong>\u25cf<\/strong><strong>\u00a0\u00a0<\/strong> Duradera\u00a0 <strong>\u25cf<\/strong><strong>\u00a0\u00a0<\/strong> Liviana\u00a0 <strong>\u25cf<\/strong><strong>\u00a0\u00a0<\/strong> Impermeable<\/span><\/p>\n<\/div>\n<\/article>\n","protected":false},"excerpt":{"rendered":"<p>Patr\u00f3n cl\u00e1sico pr\u00edncipe de Gales en escala de grises, donde la tradici\u00f3n brit\u00e1nica dialoga con el presente<br \/>\nBilletera minimalista de tyvek y con tu estilo \u00fanico<\/p>\n","protected":false},"featured_media":6359,"comment_status":"open","ping_status":"closed","template":"","meta":{"_uag_custom_page_level_css":""},"product_brand":[],"product_cat":[181,280,208],"product_tag":[450,451,388,389,565,516,515,566,1490,1492,562,482,481,564,1489,427,428,1491],"class_list":{"0":"post-7467","1":"product","2":"type-product","3":"status-publish","4":"has-post-thumbnail","6":"product_cat-fabrics","7":"product_cat-grey","8":"product_cat-populares","9":"product_tag-britanico","10":"product_tag-british","11":"product_tag-clasico","12":"product_tag-classic","13":"product_tag-ejecutivo","14":"product_tag-elegance","15":"product_tag-elegancia","16":"product_tag-executive","17":"product_tag-gales","18":"product_tag-glen","19":"product_tag-glenplaid","20":"product_tag-grey","21":"product_tag-gris","22":"product_tag-princeofwales","23":"product_tag-principedegales","24":"product_tag-tradicion","25":"product_tag-tradition","26":"product_tag-wales","28":"first","29":"instock","30":"featured","31":"taxable","32":"shipping-taxable","33":"purchasable","34":"product-type-simple"},"uagb_featured_image_src":{"full":["https:\/\/ninegrams.com\/wp-content\/uploads\/2025\/09\/sku1903-f1.webp",670,670,false],"thumbnail":["https:\/\/ninegrams.com\/wp-content\/uploads\/2025\/09\/sku1903-f1-300x300.webp",300,300,true],"medium":["https:\/\/ninegrams.com\/wp-content\/uploads\/2025\/09\/sku1903-f1-600x600.webp",600,600,true],"medium_large":["https:\/\/ninegrams.com\/wp-content\/uploads\/2025\/09\/sku1903-f1.webp",670,670,false],"large":["https:\/\/ninegrams.com\/wp-content\/uploads\/2025\/09\/sku1903-f1.webp",670,670,false],"1536x1536":["https:\/\/ninegrams.com\/wp-content\/uploads\/2025\/09\/sku1903-f1.webp",670,670,false],"2048x2048":["https:\/\/ninegrams.com\/wp-content\/uploads\/2025\/09\/sku1903-f1.webp",670,670,false],"trp-custom-language-flag":["https:\/\/ninegrams.com\/wp-content\/uploads\/2025\/09\/sku1903-f1-12x12.webp",12,12,true],"woocommerce_thumbnail":["https:\/\/ninegrams.com\/wp-content\/uploads\/2025\/09\/sku1903-f1-247x296.webp",247,296,true],"woocommerce_single":["https:\/\/ninegrams.com\/wp-content\/uploads\/2025\/09\/sku1903-f1-510x510.webp",510,510,true],"woocommerce_gallery_thumbnail":["https:\/\/ninegrams.com\/wp-content\/uploads\/2025\/09\/sku1903-f1-100x100.webp",100,100,true]},"uagb_author_info":{"display_name":"Juan el capo","author_link":"https:\/\/ninegrams.com\/es\/author\/"},"uagb_comment_info":0,"uagb_excerpt":"Patr\u00f3n cl\u00e1sico pr\u00edncipe de Gales en escala de grises, donde la tradici\u00f3n brit\u00e1nica dialoga con el presente Billetera minimalista de tyvek y con tu estilo \u00fanico","_links":{"self":[{"href":"https:\/\/ninegrams.com\/es\/wp-json\/wp\/v2\/product\/7467","targetHints":{"allow":["GET"]}}],"collection":[{"href":"https:\/\/ninegrams.com\/es\/wp-json\/wp\/v2\/product"}],"about":[{"href":"https:\/\/ninegrams.com\/es\/wp-json\/wp\/v2\/types\/product"}],"replies":[{"embeddable":true,"href":"https:\/\/ninegrams.com\/es\/wp-json\/wp\/v2\/comments?post=7467"}],"wp:featuredmedia":[{"embeddable":true,"href":"https:\/\/ninegrams.com\/es\/wp-json\/wp\/v2\/media\/6359"}],"wp:attachment":[{"href":"https:\/\/ninegrams.com\/es\/wp-json\/wp\/v2\/media?parent=7467"}],"wp:term":[{"taxonomy":"product_brand","embeddable":true,"href":"https:\/\/ninegrams.com\/es\/wp-json\/wp\/v2\/product_brand?post=7467"},{"taxonomy":"product_cat","embeddable":true,"href":"https:\/\/ninegrams.com\/es\/wp-json\/wp\/v2\/product_cat?post=7467"},{"taxonomy":"product_tag","embeddable":true,"href":"https:\/\/ninegrams.com\/es\/wp-json\/wp\/v2\/product_tag?post=7467"}],"curies":[{"name":"wp","href":"https:\/\/api.w.org\/{rel}","templated":true}]}}