{"id":7535,"date":"2025-09-19T09:20:27","date_gmt":"2025-09-19T13:20:27","guid":{"rendered":"https:\/\/ninegrams.com\/product\/macleod-of-lewis\/"},"modified":"2026-03-06T14:51:40","modified_gmt":"2026-03-06T18:51:40","slug":"macleod-of-lewis","status":"publish","type":"product","link":"https:\/\/ninegrams.com\/es\/product\/macleod-of-lewis\/","title":{"rendered":"MacLeod of Lewis"},"content":{"rendered":"<article class=\"product-card\">\n<div class=\"product-info\">\n<p><span style=\"font-weight: 400;\">Billetera delgada hecha de Tyvek\u00a0 <strong>\u25cf\u00a0 <\/strong>Minimalista con gran capacidad<\/span><\/p>\n<p><span style=\"font-weight: 400;\">Incluye bolsillo para billetes\u00a0 <strong>\u25cf<\/strong><strong>\u00a0<\/strong> Expansible para contener 12 a 14 tarjetas<\/span><\/p>\n<p><span style=\"font-weight: 400;\">Resistente\u00a0 <strong>\u25cf<\/strong><strong>\u00a0\u00a0<\/strong> Duradera\u00a0 <strong>\u25cf<\/strong><strong>\u00a0\u00a0<\/strong> Liviana\u00a0 <strong>\u25cf<\/strong><strong>\u00a0\u00a0<\/strong> Impermeable<\/span><\/p>\n<\/div>\n<\/article>\n","protected":false},"excerpt":{"rendered":"<p>La energ\u00eda inconfundible del tart\u00e1n del Clan MacLeod de Lewis en su contraste amarillo y negro m\u00e1s audaz<br \/>\nBilletera minimalista y con tu estilo \u00fanico<\/p>\n","protected":false},"featured_media":5773,"comment_status":"open","ping_status":"closed","template":"","meta":{"_uag_custom_page_level_css":""},"product_brand":[],"product_cat":[273,184],"product_tag":[1461,1477,388,389,568,490,491,1481,1478,1480,1479,385,569,480],"class_list":{"0":"post-7535","1":"product","2":"type-product","3":"status-publish","4":"has-post-thumbnail","6":"product_cat-yellow","7":"product_cat-tartan","8":"product_tag-clan","9":"product_tag-clan-macleod","10":"product_tag-clasico","11":"product_tag-classic","12":"product_tag-escocia","13":"product_tag-herencia","14":"product_tag-heritage","15":"product_tag-lewis","16":"product_tag-macleod","17":"product_tag-macleod-of-lewis","18":"product_tag-mcleod","19":"product_tag-plaid","20":"product_tag-scotland","21":"product_tag-tartan","23":"first","24":"instock","25":"featured","26":"taxable","27":"shipping-taxable","28":"purchasable","29":"product-type-simple"},"uagb_featured_image_src":{"full":["https:\/\/ninegrams.com\/wp-content\/uploads\/2025\/09\/sku504-f1.webp",670,670,false],"thumbnail":["https:\/\/ninegrams.com\/wp-content\/uploads\/2025\/09\/sku504-f1-300x300.webp",300,300,true],"medium":["https:\/\/ninegrams.com\/wp-content\/uploads\/2025\/09\/sku504-f1-600x600.webp",600,600,true],"medium_large":["https:\/\/ninegrams.com\/wp-content\/uploads\/2025\/09\/sku504-f1.webp",670,670,false],"large":["https:\/\/ninegrams.com\/wp-content\/uploads\/2025\/09\/sku504-f1.webp",670,670,false],"1536x1536":["https:\/\/ninegrams.com\/wp-content\/uploads\/2025\/09\/sku504-f1.webp",670,670,false],"2048x2048":["https:\/\/ninegrams.com\/wp-content\/uploads\/2025\/09\/sku504-f1.webp",670,670,false],"trp-custom-language-flag":["https:\/\/ninegrams.com\/wp-content\/uploads\/2025\/09\/sku504-f1-12x12.webp",12,12,true],"woocommerce_thumbnail":["https:\/\/ninegrams.com\/wp-content\/uploads\/2025\/09\/sku504-f1-247x296.webp",247,296,true],"woocommerce_single":["https:\/\/ninegrams.com\/wp-content\/uploads\/2025\/09\/sku504-f1-510x510.webp",510,510,true],"woocommerce_gallery_thumbnail":["https:\/\/ninegrams.com\/wp-content\/uploads\/2025\/09\/sku504-f1-100x100.webp",100,100,true]},"uagb_author_info":{"display_name":"Juan el capo","author_link":"https:\/\/ninegrams.com\/es\/author\/"},"uagb_comment_info":0,"uagb_excerpt":"La energ\u00eda inconfundible del tart\u00e1n del Clan MacLeod de Lewis en su contraste amarillo y negro m\u00e1s audaz Billetera minimalista y con tu estilo \u00fanico","_links":{"self":[{"href":"https:\/\/ninegrams.com\/es\/wp-json\/wp\/v2\/product\/7535","targetHints":{"allow":["GET"]}}],"collection":[{"href":"https:\/\/ninegrams.com\/es\/wp-json\/wp\/v2\/product"}],"about":[{"href":"https:\/\/ninegrams.com\/es\/wp-json\/wp\/v2\/types\/product"}],"replies":[{"embeddable":true,"href":"https:\/\/ninegrams.com\/es\/wp-json\/wp\/v2\/comments?post=7535"}],"wp:featuredmedia":[{"embeddable":true,"href":"https:\/\/ninegrams.com\/es\/wp-json\/wp\/v2\/media\/5773"}],"wp:attachment":[{"href":"https:\/\/ninegrams.com\/es\/wp-json\/wp\/v2\/media?parent=7535"}],"wp:term":[{"taxonomy":"product_brand","embeddable":true,"href":"https:\/\/ninegrams.com\/es\/wp-json\/wp\/v2\/product_brand?post=7535"},{"taxonomy":"product_cat","embeddable":true,"href":"https:\/\/ninegrams.com\/es\/wp-json\/wp\/v2\/product_cat?post=7535"},{"taxonomy":"product_tag","embeddable":true,"href":"https:\/\/ninegrams.com\/es\/wp-json\/wp\/v2\/product_tag?post=7535"}],"curies":[{"name":"wp","href":"https:\/\/api.w.org\/{rel}","templated":true}]}}