{"id":7536,"date":"2025-09-19T09:20:27","date_gmt":"2025-09-19T13:20:27","guid":{"rendered":"https:\/\/ninegrams.com\/product\/macleod-of-harris-modern\/"},"modified":"2026-03-06T15:06:50","modified_gmt":"2026-03-06T19:06:50","slug":"macleod-of-harris","status":"publish","type":"product","link":"https:\/\/ninegrams.com\/es\/product\/macleod-of-harris\/","title":{"rendered":"MacLeod of Harris"},"content":{"rendered":"<article class=\"product-card\">\n<div class=\"product-info\">\n<p><span style=\"font-weight: 400;\">Billetera delgada hecha de Tyvek\u00a0 <strong>\u25cf\u00a0 <\/strong>Minimalista con gran capacidad<\/span><\/p>\n<p><span style=\"font-weight: 400;\">Incluye bolsillo para billetes\u00a0 <strong>\u25cf<\/strong><strong>\u00a0<\/strong> Expansible para contener 12 a 14 tarjetas<\/span><\/p>\n<p><span style=\"font-weight: 400;\">Resistente\u00a0 <strong>\u25cf<\/strong><strong>\u00a0\u00a0<\/strong> Duradera\u00a0 <strong>\u25cf<\/strong><strong>\u00a0\u00a0<\/strong> Liviana\u00a0 <strong>\u25cf<\/strong><strong>\u00a0\u00a0<\/strong> Impermeable<\/span><\/p>\n<\/div>\n<\/article>\n","protected":false},"excerpt":{"rendered":"<p>El tart\u00e1n del clan MacLeod of Harris equilibra azules noche y verdes bosque con precisi\u00f3n geom\u00e9trica cl\u00e1sica<br \/>\nBilletera minimalista y con tu estilo \u00fanico<\/p>\n","protected":false},"featured_media":5776,"comment_status":"open","ping_status":"closed","template":"","meta":{"_uag_custom_page_level_css":""},"product_brand":[],"product_cat":[272,184],"product_tag":[1461,1477,388,389,568,1486,490,491,1478,1485,1479,385,569,480],"class_list":{"0":"post-7536","1":"product","2":"type-product","3":"status-publish","4":"has-post-thumbnail","6":"product_cat-blue","7":"product_cat-tartan","8":"product_tag-clan","9":"product_tag-clan-macleod","10":"product_tag-clasico","11":"product_tag-classic","12":"product_tag-escocia","13":"product_tag-harris","14":"product_tag-herencia","15":"product_tag-heritage","16":"product_tag-macleod","17":"product_tag-macleod-of-harris","18":"product_tag-mcleod","19":"product_tag-plaid","20":"product_tag-scotland","21":"product_tag-tartan","23":"first","24":"instock","25":"featured","26":"taxable","27":"shipping-taxable","28":"purchasable","29":"product-type-simple"},"uagb_featured_image_src":{"full":["https:\/\/ninegrams.com\/wp-content\/uploads\/2025\/09\/sku505-f1.webp",670,670,false],"thumbnail":["https:\/\/ninegrams.com\/wp-content\/uploads\/2025\/09\/sku505-f1-300x300.webp",300,300,true],"medium":["https:\/\/ninegrams.com\/wp-content\/uploads\/2025\/09\/sku505-f1-600x600.webp",600,600,true],"medium_large":["https:\/\/ninegrams.com\/wp-content\/uploads\/2025\/09\/sku505-f1.webp",670,670,false],"large":["https:\/\/ninegrams.com\/wp-content\/uploads\/2025\/09\/sku505-f1.webp",670,670,false],"1536x1536":["https:\/\/ninegrams.com\/wp-content\/uploads\/2025\/09\/sku505-f1.webp",670,670,false],"2048x2048":["https:\/\/ninegrams.com\/wp-content\/uploads\/2025\/09\/sku505-f1.webp",670,670,false],"trp-custom-language-flag":["https:\/\/ninegrams.com\/wp-content\/uploads\/2025\/09\/sku505-f1-12x12.webp",12,12,true],"woocommerce_thumbnail":["https:\/\/ninegrams.com\/wp-content\/uploads\/2025\/09\/sku505-f1-247x296.webp",247,296,true],"woocommerce_single":["https:\/\/ninegrams.com\/wp-content\/uploads\/2025\/09\/sku505-f1-510x510.webp",510,510,true],"woocommerce_gallery_thumbnail":["https:\/\/ninegrams.com\/wp-content\/uploads\/2025\/09\/sku505-f1-100x100.webp",100,100,true]},"uagb_author_info":{"display_name":"Juan el capo","author_link":"https:\/\/ninegrams.com\/es\/author\/"},"uagb_comment_info":0,"uagb_excerpt":"El tart\u00e1n del clan MacLeod of Harris equilibra azules noche y verdes bosque con precisi\u00f3n geom\u00e9trica cl\u00e1sica Billetera minimalista y con tu estilo \u00fanico","_links":{"self":[{"href":"https:\/\/ninegrams.com\/es\/wp-json\/wp\/v2\/product\/7536","targetHints":{"allow":["GET"]}}],"collection":[{"href":"https:\/\/ninegrams.com\/es\/wp-json\/wp\/v2\/product"}],"about":[{"href":"https:\/\/ninegrams.com\/es\/wp-json\/wp\/v2\/types\/product"}],"replies":[{"embeddable":true,"href":"https:\/\/ninegrams.com\/es\/wp-json\/wp\/v2\/comments?post=7536"}],"wp:featuredmedia":[{"embeddable":true,"href":"https:\/\/ninegrams.com\/es\/wp-json\/wp\/v2\/media\/5776"}],"wp:attachment":[{"href":"https:\/\/ninegrams.com\/es\/wp-json\/wp\/v2\/media?parent=7536"}],"wp:term":[{"taxonomy":"product_brand","embeddable":true,"href":"https:\/\/ninegrams.com\/es\/wp-json\/wp\/v2\/product_brand?post=7536"},{"taxonomy":"product_cat","embeddable":true,"href":"https:\/\/ninegrams.com\/es\/wp-json\/wp\/v2\/product_cat?post=7536"},{"taxonomy":"product_tag","embeddable":true,"href":"https:\/\/ninegrams.com\/es\/wp-json\/wp\/v2\/product_tag?post=7536"}],"curies":[{"name":"wp","href":"https:\/\/api.w.org\/{rel}","templated":true}]}}