{"id":7540,"date":"2025-09-19T09:20:28","date_gmt":"2025-09-19T13:20:28","guid":{"rendered":"https:\/\/ninegrams.com\/product\/ledo-helbruna\/"},"modified":"2026-03-06T17:50:10","modified_gmt":"2026-03-06T21:50:10","slug":"helbruna","status":"publish","type":"product","link":"https:\/\/ninegrams.com\/es\/product\/helbruna\/","title":{"rendered":"Helbruna"},"content":{"rendered":"<article class=\"product-card\">\n<div class=\"product-info\">\n<p><span style=\"font-weight: 400;\">Billetera delgada hecha de Tyvek\u00a0 <strong>\u25cf\u00a0 <\/strong>Minimalista con gran capacidad<\/span><\/p>\n<p><span style=\"font-weight: 400;\">Incluye bolsillo para billetes\u00a0 <strong>\u25cf<\/strong><strong>\u00a0<\/strong> Expansible para contener 12 a 14 tarjetas<\/span><\/p>\n<p><span style=\"font-weight: 400;\">Resistente\u00a0 <strong>\u25cf<\/strong><strong>\u00a0\u00a0<\/strong> Duradera\u00a0 <strong>\u25cf<\/strong><strong>\u00a0\u00a0<\/strong> Liviana\u00a0 <strong>\u25cf<\/strong><strong>\u00a0\u00a0<\/strong> Impermeable<\/span><\/p>\n<\/div>\n<\/article>\n","protected":false},"excerpt":{"rendered":"<p>La calidez del cuero cl\u00e1sico se recrea con un acabado marr\u00f3n profundo<br \/>\nBilletera minimalista y con tu estilo \u00fanico<\/p>\n","protected":false},"featured_media":5962,"comment_status":"open","ping_status":"closed","template":"","meta":{"_uag_custom_page_level_css":""},"product_brand":[],"product_cat":[181,278],"product_tag":[422,947,948,421],"class_list":{"0":"post-7540","1":"product","2":"type-product","3":"status-publish","4":"has-post-thumbnail","6":"product_cat-fabrics","7":"product_cat-brown","8":"product_tag-brown","9":"product_tag-cuero","10":"product_tag-leather","11":"product_tag-marron","13":"first","14":"instock","15":"featured","16":"taxable","17":"shipping-taxable","18":"purchasable","19":"product-type-simple"},"uagb_featured_image_src":{"full":["https:\/\/ninegrams.com\/wp-content\/uploads\/2025\/09\/sku861-f1.webp",670,670,false],"thumbnail":["https:\/\/ninegrams.com\/wp-content\/uploads\/2025\/09\/sku861-f1-300x300.webp",300,300,true],"medium":["https:\/\/ninegrams.com\/wp-content\/uploads\/2025\/09\/sku861-f1-600x600.webp",600,600,true],"medium_large":["https:\/\/ninegrams.com\/wp-content\/uploads\/2025\/09\/sku861-f1.webp",670,670,false],"large":["https:\/\/ninegrams.com\/wp-content\/uploads\/2025\/09\/sku861-f1.webp",670,670,false],"1536x1536":["https:\/\/ninegrams.com\/wp-content\/uploads\/2025\/09\/sku861-f1.webp",670,670,false],"2048x2048":["https:\/\/ninegrams.com\/wp-content\/uploads\/2025\/09\/sku861-f1.webp",670,670,false],"trp-custom-language-flag":["https:\/\/ninegrams.com\/wp-content\/uploads\/2025\/09\/sku861-f1-12x12.webp",12,12,true],"woocommerce_thumbnail":["https:\/\/ninegrams.com\/wp-content\/uploads\/2025\/09\/sku861-f1-247x296.webp",247,296,true],"woocommerce_single":["https:\/\/ninegrams.com\/wp-content\/uploads\/2025\/09\/sku861-f1-510x510.webp",510,510,true],"woocommerce_gallery_thumbnail":["https:\/\/ninegrams.com\/wp-content\/uploads\/2025\/09\/sku861-f1-100x100.webp",100,100,true]},"uagb_author_info":{"display_name":"Juan el capo","author_link":"https:\/\/ninegrams.com\/es\/author\/"},"uagb_comment_info":0,"uagb_excerpt":"La calidez del cuero cl\u00e1sico se recrea con un acabado marr\u00f3n profundo Billetera minimalista y con tu estilo \u00fanico","_links":{"self":[{"href":"https:\/\/ninegrams.com\/es\/wp-json\/wp\/v2\/product\/7540","targetHints":{"allow":["GET"]}}],"collection":[{"href":"https:\/\/ninegrams.com\/es\/wp-json\/wp\/v2\/product"}],"about":[{"href":"https:\/\/ninegrams.com\/es\/wp-json\/wp\/v2\/types\/product"}],"replies":[{"embeddable":true,"href":"https:\/\/ninegrams.com\/es\/wp-json\/wp\/v2\/comments?post=7540"}],"wp:featuredmedia":[{"embeddable":true,"href":"https:\/\/ninegrams.com\/es\/wp-json\/wp\/v2\/media\/5962"}],"wp:attachment":[{"href":"https:\/\/ninegrams.com\/es\/wp-json\/wp\/v2\/media?parent=7540"}],"wp:term":[{"taxonomy":"product_brand","embeddable":true,"href":"https:\/\/ninegrams.com\/es\/wp-json\/wp\/v2\/product_brand?post=7540"},{"taxonomy":"product_cat","embeddable":true,"href":"https:\/\/ninegrams.com\/es\/wp-json\/wp\/v2\/product_cat?post=7540"},{"taxonomy":"product_tag","embeddable":true,"href":"https:\/\/ninegrams.com\/es\/wp-json\/wp\/v2\/product_tag?post=7540"}],"curies":[{"name":"wp","href":"https:\/\/api.w.org\/{rel}","templated":true}]}}