{"id":7690,"date":"2025-09-19T09:20:59","date_gmt":"2025-09-19T13:20:59","guid":{"rendered":"https:\/\/ninegrams.com\/product\/douglas-grey-du\/"},"modified":"2026-03-13T19:01:00","modified_gmt":"2026-03-13T23:01:00","slug":"bothwell","status":"publish","type":"product","link":"https:\/\/ninegrams.com\/es\/product\/bothwell\/","title":{"rendered":"Bothwell"},"content":{"rendered":"<article class=\"product-card\">\n<div class=\"product-info\">\n<p><span style=\"font-weight: 400;\">Billetera delgada hecha de Tyvek\u00a0 <strong>\u25cf\u00a0 <\/strong>Minimalista con gran capacidad<\/span><\/p>\n<p><span style=\"font-weight: 400;\">Incluye bolsillo para billetes\u00a0 <strong>\u25cf<\/strong><strong>\u00a0<\/strong> Expansible para contener 12 a 14 tarjetas<\/span><\/p>\n<p><span style=\"font-weight: 400;\">Resistente\u00a0 <strong>\u25cf<\/strong><strong>\u00a0\u00a0<\/strong> Duradera\u00a0 <strong>\u25cf<\/strong><strong>\u00a0\u00a0<\/strong> Liviana\u00a0 <strong>\u25cf<\/strong><strong>\u00a0\u00a0<\/strong> Impermeable<\/span><\/p>\n<\/div>\n<\/article>\n","protected":false},"excerpt":{"rendered":"<p>Tart\u00e1n del clan Douglas en escala de grises con una elegancia monocrom\u00e1tica sobria y muy vers\u00e1til<br \/>\nBilletera minimalista de tyvek y con tu estilo \u00fanico<\/p>\n","protected":false},"featured_media":5719,"comment_status":"open","ping_status":"closed","template":"","meta":{"_uag_custom_page_level_css":""},"product_brand":[],"product_cat":[280,281,184],"product_tag":[478,479,485,386,482,481,484,483,387,480],"class_list":{"0":"post-7690","1":"product","2":"type-product","3":"status-publish","4":"has-post-thumbnail","6":"product_cat-grey","7":"product_cat-black","8":"product_cat-tartan","9":"product_tag-clandouglas","10":"product_tag-douglas","11":"product_tag-douglasgrey","12":"product_tag-escoces","13":"product_tag-grey","14":"product_tag-gris","15":"product_tag-monochromatic","16":"product_tag-monocromatico","17":"product_tag-scottish","18":"product_tag-tartan","20":"first","21":"instock","22":"taxable","23":"shipping-taxable","24":"purchasable","25":"product-type-simple"},"uagb_featured_image_src":{"full":["https:\/\/ninegrams.com\/wp-content\/uploads\/2025\/09\/sku486-f1.webp",670,670,false],"thumbnail":["https:\/\/ninegrams.com\/wp-content\/uploads\/2025\/09\/sku486-f1-300x300.webp",300,300,true],"medium":["https:\/\/ninegrams.com\/wp-content\/uploads\/2025\/09\/sku486-f1-600x600.webp",600,600,true],"medium_large":["https:\/\/ninegrams.com\/wp-content\/uploads\/2025\/09\/sku486-f1.webp",670,670,false],"large":["https:\/\/ninegrams.com\/wp-content\/uploads\/2025\/09\/sku486-f1.webp",670,670,false],"1536x1536":["https:\/\/ninegrams.com\/wp-content\/uploads\/2025\/09\/sku486-f1.webp",670,670,false],"2048x2048":["https:\/\/ninegrams.com\/wp-content\/uploads\/2025\/09\/sku486-f1.webp",670,670,false],"trp-custom-language-flag":["https:\/\/ninegrams.com\/wp-content\/uploads\/2025\/09\/sku486-f1-12x12.webp",12,12,true],"woocommerce_thumbnail":["https:\/\/ninegrams.com\/wp-content\/uploads\/2025\/09\/sku486-f1-247x296.webp",247,296,true],"woocommerce_single":["https:\/\/ninegrams.com\/wp-content\/uploads\/2025\/09\/sku486-f1-510x510.webp",510,510,true],"woocommerce_gallery_thumbnail":["https:\/\/ninegrams.com\/wp-content\/uploads\/2025\/09\/sku486-f1-100x100.webp",100,100,true]},"uagb_author_info":{"display_name":"Juan el capo","author_link":"https:\/\/ninegrams.com\/es\/author\/"},"uagb_comment_info":0,"uagb_excerpt":"Tart\u00e1n del clan Douglas en escala de grises con una elegancia monocrom\u00e1tica sobria y muy vers\u00e1til Billetera minimalista de tyvek y con tu estilo \u00fanico","_links":{"self":[{"href":"https:\/\/ninegrams.com\/es\/wp-json\/wp\/v2\/product\/7690","targetHints":{"allow":["GET"]}}],"collection":[{"href":"https:\/\/ninegrams.com\/es\/wp-json\/wp\/v2\/product"}],"about":[{"href":"https:\/\/ninegrams.com\/es\/wp-json\/wp\/v2\/types\/product"}],"replies":[{"embeddable":true,"href":"https:\/\/ninegrams.com\/es\/wp-json\/wp\/v2\/comments?post=7690"}],"wp:featuredmedia":[{"embeddable":true,"href":"https:\/\/ninegrams.com\/es\/wp-json\/wp\/v2\/media\/5719"}],"wp:attachment":[{"href":"https:\/\/ninegrams.com\/es\/wp-json\/wp\/v2\/media?parent=7690"}],"wp:term":[{"taxonomy":"product_brand","embeddable":true,"href":"https:\/\/ninegrams.com\/es\/wp-json\/wp\/v2\/product_brand?post=7690"},{"taxonomy":"product_cat","embeddable":true,"href":"https:\/\/ninegrams.com\/es\/wp-json\/wp\/v2\/product_cat?post=7690"},{"taxonomy":"product_tag","embeddable":true,"href":"https:\/\/ninegrams.com\/es\/wp-json\/wp\/v2\/product_tag?post=7690"}],"curies":[{"name":"wp","href":"https:\/\/api.w.org\/{rel}","templated":true}]}}